{"id":13,"date":"2025-03-01T12:18:44","date_gmt":"2025-03-01T12:18:44","guid":{"rendered":"https:\/\/premiumdetectors.camion-militar.com\/?post_type=product&#038;p=13"},"modified":"2025-12-15T16:22:54","modified_gmt":"2025-12-15T16:22:54","slug":"goldscreensensor-verificar-monedas-y-lingotes-de-oro-y-plata-en-venta","status":"publish","type":"product","link":"https:\/\/premiumdetectors.camion-militar.com\/index.php\/producto\/goldscreensensor-verificar-monedas-y-lingotes-de-oro-y-plata-en-venta\/","title":{"rendered":"GoldScreenSensor Verificar Monedas y Lingotes de Oro y Plata en venta"},"content":{"rendered":"<div><strong>Descubre el GoldScreenSensor: La Soluci\u00f3n Definitiva para Verificar Oro y Plata en Espa\u00f1a.<\/strong><\/div>\n<div>Si trabajas con metales preciosos como el oro o la plata, sabes que la autenticidad es un aspecto fundamental. Tanto para joyeros, comerciantes, inversores o coleccionistas, contar con una herramienta confiable y precisa marca la diferencia. Por eso, llega a Espa\u00f1a el revolucionario\u00a0<strong>GoldScreenSensor<\/strong>, el dispositivo electr\u00f3nico que est\u00e1 transformando el mercado.<\/div>\n<div><\/div>\n<div><strong>\u00bfQu\u00e9 es el GoldScreenSensor?<\/strong><\/div>\n<div>\n<p>Fabricado en Alemania con la excelencia y fiabilidad que caracteriza a su ingenier\u00eda, el GoldScreenSensor es una tecnolog\u00eda innovadora dise\u00f1ada para verificar de forma r\u00e1pida y no destructiva la autenticidad de\u00a0<strong>monedas y lingotes de oro y plata<\/strong>. Usando el principio de corrientes de Foucault, este dispositivo analiza la conductividad el\u00e9ctrica del metal, detectando posibles falsificaciones,\u00a0<strong><strong>incluso aquellas elaboradas con tungsteno, que comparte una densidad similar al oro. (ideal para detectar las falsificaciones)<\/strong><\/strong><\/p>\n<p><img fetchpriority=\"high\" decoding=\"async\" class=\"aligncenter wp-image-14\" src=\"https:\/\/premiumdetectors.camion-militar.com\/wp-content\/uploads\/2025\/03\/GSS01-300x173.jpg\" alt=\"\" width=\"800\" height=\"460\" srcset=\"https:\/\/premiumdetectors.camion-militar.com\/wp-content\/uploads\/2025\/03\/GSS01-300x173.jpg 300w, https:\/\/premiumdetectors.camion-militar.com\/wp-content\/uploads\/2025\/03\/GSS01-600x345.jpg 600w, https:\/\/premiumdetectors.camion-militar.com\/wp-content\/uploads\/2025\/03\/GSS01-768x442.jpg 768w, https:\/\/premiumdetectors.camion-militar.com\/wp-content\/uploads\/2025\/03\/GSS01.jpg 1024w\" sizes=\"(max-width: 800px) 100vw, 800px\" \/><\/p>\n<p>&nbsp;<\/p>\n<div><strong>\u00bfPor qu\u00e9 elegir el GoldScreenSensor?<\/strong><\/div>\n<div><strong>Portabilidad excepcional:<\/strong>\u00a0Con un dise\u00f1o compacto que cabe perfectamente en el bolsillo de una americana, es la herramienta ideal para quienes frecuentan mercadillos o ferias de antig\u00fcedades.<\/div>\n<div><strong>Fabricaci\u00f3n alemana:<\/strong>\u00a0Dise\u00f1ado y producido en Alemania, garantizando los m\u00e1s altos est\u00e1ndares de calidad y durabilidad.<\/div>\n<div><strong>Precisi\u00f3n y fiabilidad:<\/strong>\u00a0La conductancia del objeto se determina en cuesti\u00f3n de segundos para poder sacar conclusiones sobre el material y la aleaci\u00f3n.<\/div>\n<div><strong>Compatibilidad:\u00a0<\/strong>Analiza monedas desde 1\/4 de onza a 1 onza y lingotes de 10gramos hasta 50 gramos, incluso en encapsulados o bl\u00edsteres de hasta 3 mm de grosor.<\/div>\n<div><strong>F\u00e1cil de usar:<\/strong>\u00a0Dise\u00f1ado para cualquier usuario, solo necesitas colocar el objeto en la zona de medici\u00f3n y observar el resultado.<\/div>\n<div>\n<p><strong>Port\u00e1til y duradero:<\/strong>\u00a0Su bater\u00eda de larga duraci\u00f3n lo convierte en la herramienta ideal para uso en cualquier lugar.<\/p>\n<p><img decoding=\"async\" class=\"aligncenter wp-image-15\" src=\"https:\/\/premiumdetectors.camion-militar.com\/wp-content\/uploads\/2025\/03\/GSS02-300x173.jpg\" alt=\"\" width=\"800\" height=\"460\" srcset=\"https:\/\/premiumdetectors.camion-militar.com\/wp-content\/uploads\/2025\/03\/GSS02-300x173.jpg 300w, https:\/\/premiumdetectors.camion-militar.com\/wp-content\/uploads\/2025\/03\/GSS02-600x345.jpg 600w, https:\/\/premiumdetectors.camion-militar.com\/wp-content\/uploads\/2025\/03\/GSS02-768x442.jpg 768w, https:\/\/premiumdetectors.camion-militar.com\/wp-content\/uploads\/2025\/03\/GSS02.jpg 1024w\" sizes=\"(max-width: 800px) 100vw, 800px\" \/><\/p>\n<p>&nbsp;<\/p>\n<div><strong>Ideal para Profesionales y Particulares<\/strong><\/div>\n<div>Si asistes regularmente a mercadillos o necesitas verificar r\u00e1pidamente piezas en entornos de compraventa, el GoldScreenSensor se convierte en tu aliado indispensable.<\/div>\n<div>El GoldScreenSensor es perfecto para:<\/div>\n<ul>\n<li><strong>Joyeros y comerciantes:<\/strong>\u00a0Verifica la calidad del material antes de su compra o venta.<\/li>\n<li><strong>Inversores:<\/strong>\u00a0Garantiza que tus adquisiciones de oro o plata sean aut\u00e9nticas<\/li>\n<li><strong>Coleccionistas:\u00a0<\/strong>Protege tu colecci\u00f3n con una herramienta de confianza.\n<div align=\"center\">\n<p><iframe title=\"Las ventajas del GoldScreenSensor para comprobar oro, plata y otros metales preciosos\" width=\"500\" height=\"281\" src=\"https:\/\/www.youtube.com\/embed\/RxK5QDwwfuM?feature=oembed\" frameborder=\"0\" allow=\"accelerometer; autoplay; clipboard-write; encrypted-media; gyroscope; picture-in-picture; web-share\" referrerpolicy=\"strict-origin-when-cross-origin\" allowfullscreen><\/iframe><\/p>\n<\/div>\n<\/li>\n<\/ul>\n<\/div>\n<div><strong>Haz tu compra segura y f\u00e1cil en Espa\u00f1a<\/strong><\/div>\n<div>No dejes que las falsificaciones comprometan tus inversiones. Con el GoldScreenSensor tendr\u00e1s la tranquilidad que necesitas para comprar y vender metales preciosos. Contamos con env\u00edo r\u00e1pido desde nuestro almac\u00e9n en Espa\u00f1a y garant\u00eda de satisfacci\u00f3n.<\/div>\n<div><strong>\u00a1Cont\u00e1ctanos hoy!<\/strong><\/div>\n<div>\u00bfEst\u00e1s listo para dar un paso adelante en la verificaci\u00f3n de metales preciosos? Llama ahora al [608522175] o rellena el formulario de petici\u00f3n de informaci\u00f3n.<\/div>\n<div><strong>GoldScreenSensor: La herramienta que revoluciona el mercado de los metales preciosos ya en Espa\u00f1a.<\/strong><\/div>\n<\/div>\n","protected":false},"excerpt":{"rendered":"<p>VERSI\u00d3N ACTUALIZADA 2025 &#8211; Muy versatil, rapida y discreta, puedes llevar el equipo perfectamente en el bolsillo y sacarlo justo en el momento de revisar las monedas, ideal para acompa\u00f1arte siempre.<\/p>\n","protected":false},"featured_media":16,"template":"","meta":[],"product_brand":[],"product_cat":[26],"product_tag":[16],"class_list":{"0":"post-13","1":"product","2":"type-product","3":"status-publish","4":"has-post-thumbnail","6":"product_cat-portatiles","7":"product_tag-gss","9":"first","10":"instock","11":"taxable","12":"shipping-taxable","13":"purchasable","14":"product-type-simple"},"yoast_head":"<!-- This site is optimized with the Yoast SEO plugin v26.6 - https:\/\/yoast.com\/wordpress\/plugins\/seo\/ -->\n<title>GoldScreenSensor Verificar Monedas y Lingotes de Oro y Plata en venta - Premium Detectors<\/title>\n<meta name=\"robots\" content=\"index, follow, max-snippet:-1, max-image-preview:large, max-video-preview:-1\" \/>\n<link rel=\"canonical\" href=\"https:\/\/premiumdetectors.camion-militar.com\/index.php\/producto\/goldscreensensor-verificar-monedas-y-lingotes-de-oro-y-plata-en-venta\/\" \/>\n<meta property=\"og:locale\" content=\"es_ES\" \/>\n<meta property=\"og:type\" content=\"article\" \/>\n<meta property=\"og:title\" content=\"GoldScreenSensor Verificar Monedas y Lingotes de Oro y Plata en venta - Premium Detectors\" \/>\n<meta property=\"og:description\" content=\"VERSI\u00d3N ACTUALIZADA 2025 - Muy versatil, rapida y discreta, puedes llevar el equipo perfectamente en el bolsillo y sacarlo justo en el momento de revisar las monedas, ideal para acompa\u00f1arte siempre.\" \/>\n<meta property=\"og:url\" content=\"https:\/\/premiumdetectors.camion-militar.com\/index.php\/producto\/goldscreensensor-verificar-monedas-y-lingotes-de-oro-y-plata-en-venta\/\" \/>\n<meta property=\"og:site_name\" content=\"Premium Detectors\" \/>\n<meta property=\"article:modified_time\" content=\"2025-12-15T16:22:54+00:00\" \/>\n<meta property=\"og:image\" content=\"https:\/\/premiumdetectors.camion-militar.com\/wp-content\/uploads\/2025\/03\/GSS-Editada.png\" \/>\n\t<meta property=\"og:image:width\" content=\"600\" \/>\n\t<meta property=\"og:image:height\" content=\"600\" \/>\n\t<meta property=\"og:image:type\" content=\"image\/png\" \/>\n<meta name=\"twitter:card\" content=\"summary_large_image\" \/>\n<meta name=\"twitter:label1\" content=\"Tiempo de lectura\" \/>\n\t<meta name=\"twitter:data1\" content=\"3 minutos\" \/>\n<script type=\"application\/ld+json\" class=\"yoast-schema-graph\">{\"@context\":\"https:\/\/schema.org\",\"@graph\":[{\"@type\":\"WebPage\",\"@id\":\"https:\/\/premiumdetectors.camion-militar.com\/index.php\/producto\/goldscreensensor-verificar-monedas-y-lingotes-de-oro-y-plata-en-venta\/\",\"url\":\"https:\/\/premiumdetectors.camion-militar.com\/index.php\/producto\/goldscreensensor-verificar-monedas-y-lingotes-de-oro-y-plata-en-venta\/\",\"name\":\"GoldScreenSensor Verificar Monedas y Lingotes de Oro y Plata en venta - Premium Detectors\",\"isPartOf\":{\"@id\":\"https:\/\/premiumdetectors.camion-militar.com\/#website\"},\"primaryImageOfPage\":{\"@id\":\"https:\/\/premiumdetectors.camion-militar.com\/index.php\/producto\/goldscreensensor-verificar-monedas-y-lingotes-de-oro-y-plata-en-venta\/#primaryimage\"},\"image\":{\"@id\":\"https:\/\/premiumdetectors.camion-militar.com\/index.php\/producto\/goldscreensensor-verificar-monedas-y-lingotes-de-oro-y-plata-en-venta\/#primaryimage\"},\"thumbnailUrl\":\"https:\/\/premiumdetectors.camion-militar.com\/wp-content\/uploads\/2025\/03\/GSS-Editada.png\",\"datePublished\":\"2025-03-01T12:18:44+00:00\",\"dateModified\":\"2025-12-15T16:22:54+00:00\",\"breadcrumb\":{\"@id\":\"https:\/\/premiumdetectors.camion-militar.com\/index.php\/producto\/goldscreensensor-verificar-monedas-y-lingotes-de-oro-y-plata-en-venta\/#breadcrumb\"},\"inLanguage\":\"es\",\"potentialAction\":[{\"@type\":\"ReadAction\",\"target\":[\"https:\/\/premiumdetectors.camion-militar.com\/index.php\/producto\/goldscreensensor-verificar-monedas-y-lingotes-de-oro-y-plata-en-venta\/\"]}]},{\"@type\":\"ImageObject\",\"inLanguage\":\"es\",\"@id\":\"https:\/\/premiumdetectors.camion-militar.com\/index.php\/producto\/goldscreensensor-verificar-monedas-y-lingotes-de-oro-y-plata-en-venta\/#primaryimage\",\"url\":\"https:\/\/premiumdetectors.camion-militar.com\/wp-content\/uploads\/2025\/03\/GSS-Editada.png\",\"contentUrl\":\"https:\/\/premiumdetectors.camion-militar.com\/wp-content\/uploads\/2025\/03\/GSS-Editada.png\",\"width\":600,\"height\":600,\"caption\":\"GooldSecreenSensor Spain\"},{\"@type\":\"BreadcrumbList\",\"@id\":\"https:\/\/premiumdetectors.camion-militar.com\/index.php\/producto\/goldscreensensor-verificar-monedas-y-lingotes-de-oro-y-plata-en-venta\/#breadcrumb\",\"itemListElement\":[{\"@type\":\"ListItem\",\"position\":1,\"name\":\"Portada\",\"item\":\"https:\/\/premiumdetectors.camion-militar.com\/\"},{\"@type\":\"ListItem\",\"position\":2,\"name\":\"Tienda\",\"item\":\"https:\/\/premiumdetectors.camion-militar.com\/index.php\/tienda\/\"},{\"@type\":\"ListItem\",\"position\":3,\"name\":\"GoldScreenSensor Verificar Monedas y Lingotes de Oro y Plata en venta\"}]},{\"@type\":\"WebSite\",\"@id\":\"https:\/\/premiumdetectors.camion-militar.com\/#website\",\"url\":\"https:\/\/premiumdetectors.camion-militar.com\/\",\"name\":\"Premium Detectors\",\"description\":\"\",\"potentialAction\":[{\"@type\":\"SearchAction\",\"target\":{\"@type\":\"EntryPoint\",\"urlTemplate\":\"https:\/\/premiumdetectors.camion-militar.com\/?s={search_term_string}\"},\"query-input\":{\"@type\":\"PropertyValueSpecification\",\"valueRequired\":true,\"valueName\":\"search_term_string\"}}],\"inLanguage\":\"es\"}]}<\/script>\n<!-- \/ Yoast SEO plugin. -->","yoast_head_json":{"title":"GoldScreenSensor Verificar Monedas y Lingotes de Oro y Plata en venta - Premium Detectors","robots":{"index":"index","follow":"follow","max-snippet":"max-snippet:-1","max-image-preview":"max-image-preview:large","max-video-preview":"max-video-preview:-1"},"canonical":"https:\/\/premiumdetectors.camion-militar.com\/index.php\/producto\/goldscreensensor-verificar-monedas-y-lingotes-de-oro-y-plata-en-venta\/","og_locale":"es_ES","og_type":"article","og_title":"GoldScreenSensor Verificar Monedas y Lingotes de Oro y Plata en venta - Premium Detectors","og_description":"VERSI\u00d3N ACTUALIZADA 2025 - Muy versatil, rapida y discreta, puedes llevar el equipo perfectamente en el bolsillo y sacarlo justo en el momento de revisar las monedas, ideal para acompa\u00f1arte siempre.","og_url":"https:\/\/premiumdetectors.camion-militar.com\/index.php\/producto\/goldscreensensor-verificar-monedas-y-lingotes-de-oro-y-plata-en-venta\/","og_site_name":"Premium Detectors","article_modified_time":"2025-12-15T16:22:54+00:00","og_image":[{"width":600,"height":600,"url":"https:\/\/premiumdetectors.camion-militar.com\/wp-content\/uploads\/2025\/03\/GSS-Editada.png","type":"image\/png"}],"twitter_card":"summary_large_image","twitter_misc":{"Tiempo de lectura":"3 minutos"},"schema":{"@context":"https:\/\/schema.org","@graph":[{"@type":"WebPage","@id":"https:\/\/premiumdetectors.camion-militar.com\/index.php\/producto\/goldscreensensor-verificar-monedas-y-lingotes-de-oro-y-plata-en-venta\/","url":"https:\/\/premiumdetectors.camion-militar.com\/index.php\/producto\/goldscreensensor-verificar-monedas-y-lingotes-de-oro-y-plata-en-venta\/","name":"GoldScreenSensor Verificar Monedas y Lingotes de Oro y Plata en venta - Premium Detectors","isPartOf":{"@id":"https:\/\/premiumdetectors.camion-militar.com\/#website"},"primaryImageOfPage":{"@id":"https:\/\/premiumdetectors.camion-militar.com\/index.php\/producto\/goldscreensensor-verificar-monedas-y-lingotes-de-oro-y-plata-en-venta\/#primaryimage"},"image":{"@id":"https:\/\/premiumdetectors.camion-militar.com\/index.php\/producto\/goldscreensensor-verificar-monedas-y-lingotes-de-oro-y-plata-en-venta\/#primaryimage"},"thumbnailUrl":"https:\/\/premiumdetectors.camion-militar.com\/wp-content\/uploads\/2025\/03\/GSS-Editada.png","datePublished":"2025-03-01T12:18:44+00:00","dateModified":"2025-12-15T16:22:54+00:00","breadcrumb":{"@id":"https:\/\/premiumdetectors.camion-militar.com\/index.php\/producto\/goldscreensensor-verificar-monedas-y-lingotes-de-oro-y-plata-en-venta\/#breadcrumb"},"inLanguage":"es","potentialAction":[{"@type":"ReadAction","target":["https:\/\/premiumdetectors.camion-militar.com\/index.php\/producto\/goldscreensensor-verificar-monedas-y-lingotes-de-oro-y-plata-en-venta\/"]}]},{"@type":"ImageObject","inLanguage":"es","@id":"https:\/\/premiumdetectors.camion-militar.com\/index.php\/producto\/goldscreensensor-verificar-monedas-y-lingotes-de-oro-y-plata-en-venta\/#primaryimage","url":"https:\/\/premiumdetectors.camion-militar.com\/wp-content\/uploads\/2025\/03\/GSS-Editada.png","contentUrl":"https:\/\/premiumdetectors.camion-militar.com\/wp-content\/uploads\/2025\/03\/GSS-Editada.png","width":600,"height":600,"caption":"GooldSecreenSensor Spain"},{"@type":"BreadcrumbList","@id":"https:\/\/premiumdetectors.camion-militar.com\/index.php\/producto\/goldscreensensor-verificar-monedas-y-lingotes-de-oro-y-plata-en-venta\/#breadcrumb","itemListElement":[{"@type":"ListItem","position":1,"name":"Portada","item":"https:\/\/premiumdetectors.camion-militar.com\/"},{"@type":"ListItem","position":2,"name":"Tienda","item":"https:\/\/premiumdetectors.camion-militar.com\/index.php\/tienda\/"},{"@type":"ListItem","position":3,"name":"GoldScreenSensor Verificar Monedas y Lingotes de Oro y Plata en venta"}]},{"@type":"WebSite","@id":"https:\/\/premiumdetectors.camion-militar.com\/#website","url":"https:\/\/premiumdetectors.camion-militar.com\/","name":"Premium Detectors","description":"","potentialAction":[{"@type":"SearchAction","target":{"@type":"EntryPoint","urlTemplate":"https:\/\/premiumdetectors.camion-militar.com\/?s={search_term_string}"},"query-input":{"@type":"PropertyValueSpecification","valueRequired":true,"valueName":"search_term_string"}}],"inLanguage":"es"}]}},"_links":{"self":[{"href":"https:\/\/premiumdetectors.camion-militar.com\/index.php\/wp-json\/wp\/v2\/product\/13","targetHints":{"allow":["GET"]}}],"collection":[{"href":"https:\/\/premiumdetectors.camion-militar.com\/index.php\/wp-json\/wp\/v2\/product"}],"about":[{"href":"https:\/\/premiumdetectors.camion-militar.com\/index.php\/wp-json\/wp\/v2\/types\/product"}],"wp:featuredmedia":[{"embeddable":true,"href":"https:\/\/premiumdetectors.camion-militar.com\/index.php\/wp-json\/wp\/v2\/media\/16"}],"wp:attachment":[{"href":"https:\/\/premiumdetectors.camion-militar.com\/index.php\/wp-json\/wp\/v2\/media?parent=13"}],"wp:term":[{"taxonomy":"product_brand","embeddable":true,"href":"https:\/\/premiumdetectors.camion-militar.com\/index.php\/wp-json\/wp\/v2\/product_brand?post=13"},{"taxonomy":"product_cat","embeddable":true,"href":"https:\/\/premiumdetectors.camion-militar.com\/index.php\/wp-json\/wp\/v2\/product_cat?post=13"},{"taxonomy":"product_tag","embeddable":true,"href":"https:\/\/premiumdetectors.camion-militar.com\/index.php\/wp-json\/wp\/v2\/product_tag?post=13"}],"curies":[{"name":"wp","href":"https:\/\/api.w.org\/{rel}","templated":true}]}}